{"id":3703,"date":"2024-08-01T16:58:40","date_gmt":"2024-08-01T14:58:40","guid":{"rendered":"https:\/\/aktormed.com\/?page_id=3703"},"modified":"2026-02-05T14:13:49","modified_gmt":"2026-02-05T13:13:49","slug":"datenschutz","status":"publish","type":"page","link":"https:\/\/aktormed.com\/de\/datenschutz\/","title":{"rendered":"DATENSCHUTZ"},"content":{"rendered":"\n<h1 class=\"wp-block-heading\">Datenschutzerkl\u00e4rung der AKTORmed GmbH<\/h1>\n\n\n\n<p><br><strong>WIR NEHMEN DATENSCHUTZ ERNST.<\/strong><\/p>\n\n\n\n<p>Der Schutz Ihrer Privatsph\u00e4re bei der Verarbeitung personenbezogener Daten ist uns wichtig. Wenn Sie unsere Website besuchen, speichern unsere Webserver standardm\u00e4\u00dfig die IP-Adresse Ihres Internetproviders, die Website, von der aus Sie uns besuchen, welche unserer Websites Sie besuchen sowie das Datum und die Dauer des Besuchs. Diese Informationen sind f\u00fcr die technische \u00dcbertragung der Websites und f\u00fcr den sicheren Serverbetrieb unerl\u00e4sslich. Eine personalisierte Auswertung dieser Daten findet nicht statt.   <br><br>Wenn Sie uns \u00fcber das Kontaktformular Daten \u00fcbermitteln, werden diese Daten im Rahmen der Datensicherung auf unseren Servern gespeichert. Ihre Daten werden von uns ausschlie\u00dflich zur Bearbeitung Ihrer Anfrage verwendet. Ihre Daten werden streng vertraulich behandelt. Ihre Daten werden nicht an Dritte weitergegeben.   <br><br><\/p>\n\n\n\n<p><strong><strong>VERANTWORTLICHE STELLE<\/strong><\/strong><br><br>AKTORmed GmbH<br>Neugablonzer Stra\u00dfe 13<br>93073 Neutraubling<br>Deutschland<br>Tel: +49 9401 9320-110<br>E-mail: info@aktormed.com<\/p>\n\n\n\n<p><br><strong>PERSONENBEZOGENE DATEN<\/strong><\/p>\n\n\n\n<p>Personenbezogene Daten sind Daten, die Ihre Person betreffen. Dazu geh\u00f6ren Ihr Name, Ihre Adresse und Ihre E-Mail-Adresse. Sie m\u00fcssen keine personenbezogenen Daten angeben, um unsere Website besuchen zu k\u00f6nnen. In bestimmten F\u00e4llen ben\u00f6tigen wir Ihren Namen, Ihre Adresse und weitere Informationen, um Ihnen die gew\u00fcnschte Dienstleistung erbringen zu k\u00f6nnen.   <br><br>Dies gilt auch, wenn wir Ihnen angefordertes Informationsmaterial zusenden oder auf Ihre Anfragen antworten. In diesen F\u00e4llen werden wir Sie stets darauf hinweisen. Dar\u00fcber hinaus speichern wir nur die Daten, die Sie uns automatisch oder freiwillig \u00fcbermittelt haben.  <br><br>Wenn Sie einen unserer Dienste nutzen, erheben wir in der Regel nur die Daten, die f\u00fcr die Erbringung unserer Dienstleistung f\u00fcr Sie erforderlich sind. Wir k\u00f6nnen Sie um weitere Informationen bitten, deren Angabe jedoch freiwillig ist. Wenn wir personenbezogene Daten verarbeiten, tun wir dies, um Ihnen unsere Dienstleistung zu erbringen oder unsere gesch\u00e4ftlichen Aufgaben zu erf\u00fcllen.  <br><br><br><strong>AUTOMATISCH GESPEICHERTES DATUM<\/strong><br><br><strong>Server-Logfiles<br><\/strong>Der Anbieter der Seiten erhebt und speichert automatisch Informationen in sogenannten Server-Logfiles, die Ihr Browser automatisch an uns \u00fcbermittelt. <br><br>Dies sind:<br>\u2022 Datum und Uhrzeit der Anfrage,<br>\u2022 Name der angeforderten Datei,<br>\u2022 Seite, von der aus die Datei angefordert wurde,<br>\u2022 Zugriffsstatus (Datei \u00fcbertragen, Datei nicht gefunden usw.),<br>\u2022 verwendeter Webbrowser und Betriebssystem,<br>\u2022 vollst\u00e4ndige IP-Adresse des anfragenden Computers,<br>\u2022 \u00fcbertragenes Datenvolumen.<br><br>Diese Daten werden nicht mit anderen Datenquellen zusammengef\u00fchrt. Die Verarbeitung erfolgt gem\u00e4\u00df Art. 6 Abs. 1 lit. f DSGVO auf Grundlage unseres berechtigten Interesses an der Verbesserung der Stabilit\u00e4t und Funktionalit\u00e4t unserer Website. Aus Gr\u00fcnden der technischen Sicherheit, insbesondere zur Abwehr von Angriffsversuchen auf unseren Webserver, werden diese Daten von uns f\u00fcr kurze Zeit gespeichert. Es ist uns nicht m\u00f6glich, anhand dieser Daten R\u00fcckschl\u00fcsse auf einzelne Personen zu ziehen. Sp\u00e4testens nach sieben Tagen werden die Daten durch K\u00fcrzung der IP-Adresse auf Domain-Ebene anonymisiert, sodass kein Bezug mehr zum einzelnen Nutzer hergestellt werden kann. In anonymisierter Form werden die Daten auch zu statistischen Zwecken verarbeitet; sie werden weder mit anderen Datens\u00e4tzen abgeglichen noch in Ausz\u00fcgen an Dritte weitergegeben.       <br><br><strong>Cookies<\/strong><br>Wenn Sie unsere Website besuchen, speichern wir m\u00f6glicherweise Informationen in Form von Cookies auf Ihrem Computer. Cookies sind kleine Dateien, die von einem Internetserver an Ihren Browser \u00fcbertragen und auf dessen Festplatte gespeichert werden. In diesem Zusammenhang wird nur die Internetprotokolladresse gespeichert, jedoch keine personenbezogenen Daten. Diese in den Cookies gespeicherten Informationen erm\u00f6glichen es uns, Sie bei Ihrem n\u00e4chsten Besuch unserer Website automatisch wiederzuerkennen, was Ihnen die Nutzung erleichtert. Die Rechtsgrundlage f\u00fcr die Verwendung von Cookies ist das berechtigte Interesse gem\u00e4\u00df Art. 6 Abs. 1 lit. f DSGVO.<br>Selbstverst\u00e4ndlich k\u00f6nnen Sie unsere Website auch besuchen, ohne Cookies zu akzeptieren. Wenn Sie nicht m\u00f6chten, dass Ihr Computer bei Ihrem n\u00e4chsten Besuch wiedererkannt wird, k\u00f6nnen Sie die Verwendung von Cookies auch ablehnen, indem Sie die Einstellungen in Ihrem Browser auf \u201eCookies ablehnen\u201d \u00e4ndern. Die jeweilige Vorgehensweise entnehmen Sie bitte der Bedienungsanleitung Ihres jeweiligen Browsers. Wenn Sie die Verwendung von Cookies ablehnen, kann dies jedoch zu Einschr\u00e4nkungen bei der Nutzung einiger Bereiche unserer Website f\u00fchren.         <\/p>\n\n\n\n<p><br><strong>GOOGLE ANALYTICS MIT ANONYMISIERUNGSFUNKTION<\/strong><br><br>Auf unserer Website verwenden wir Google Analytics, einen Webanalysedienst der Google Ireland Limited, Gordon House, Barrow Street, Dublin 4, Irland, im Folgenden \u201eGoogle\u201c. Google Analytics verwendet \u201eCookies\u201c, also Textdateien, die auf Ihrem Computer gespeichert werden und die eine Analyse der Benutzung der Website durch Sie erm\u00f6glichen. Die durch diese Cookies erzeugten Informationen, wie z. B. die Zeit, der Ort und die H\u00e4ufigkeit Ihres Website-Besuchs, einschlie\u00dflich Ihrer IP-Adresse, werden an Google in den Vereinigten Staaten \u00fcbertragen und dort gespeichert. Wir verwenden Google Analytics auf unserer Website mit dem Zusatz \u201e_gat._anonymizeIp\u201c. In diesem Fall wird Ihre IP-Adresse bereits innerhalb der Mitgliedstaaten der Europ\u00e4ischen Union oder in anderen Vertragsstaaten des Abkommens \u00fcber den Europ\u00e4ischen Wirtschaftsraum von Google gek\u00fcrzt und somit anonymisiert. Google wird diese Informationen benutzen, um Ihre Nutzung der Website auszuwerten, um Reports \u00fcber die Websiteaktivit\u00e4ten f\u00fcr uns zusammenzustellen und um weitere mit der Websitenutzung und der Internetnutzung verbundene Dienstleistungen zu erbringen. Auch wird Google diese Informationen gegebenenfalls an Dritte \u00fcbertragen, sofern dies gesetzlich vorgeschrieben oder soweit Dritte diese Daten im Auftrag von Google verarbeiten. Google versichert, Ihre IP-Adresse in keinem Fall mit anderen Daten von Google in Verbindung zu bringen. Sie k\u00f6nnen die Installation von Cookies durch eine entsprechende Einstellung Ihrer Browser-Software verhindern; wir weisen Sie jedoch darauf hin, dass Sie in diesem Fall gegebenenfalls nicht s\u00e4mtliche Funktionen unserer Website vollumf\u00e4nglich nutzen k\u00f6nnen. Dar\u00fcber hinaus bietet Google f\u00fcr die g\u00e4ngigsten Browser ein Deaktivierungs-Add-on an, mit dem Sie mehr Kontrolle dar\u00fcber haben, welche Daten Google \u00fcber die von Ihnen besuchten Websites sammelt. Das Add-on teilt dem JavaScript (ga.js) von Google Analytics mit, dass keine Website-Besuchsinformationen an Google Analytics \u00fcbermittelt werden sollen. Das Add-on zur Deaktivierung von Google Analytics f\u00fcr Browser verhindert jedoch nicht, dass Informationen an uns oder andere von uns verwendete Webanalysedienste \u00fcbermittelt werden. Weitere Informationen zur Installation des Browser-Add-ons finden Sie unter folgendem Link: https:\/\/tools.google.com\/dlpage\/gaoptout?hl=de<br>Wenn Sie unsere Website \u00fcber ein mobiles Ger\u00e4t (Smartphone oder Tablet) besuchen, m\u00fcssen Sie stattdessen auf diesen Link klicken, um das Tracking durch Google Analytics innerhalb dieser Website in Zukunft zu verhindern. Dies ist auch als Alternative zum oben genannten Browser-Add-on m\u00f6glich. Durch Klicken auf den Link wird ein Opt-Out-Cookie in Ihrem Browser gesetzt, das nur f\u00fcr diesen Browser und diese Domain g\u00fcltig ist. Wenn Sie die Cookies in diesem Browser l\u00f6schen, wird auch das Opt-Out-Cookie gel\u00f6scht, sodass Sie erneut auf den Link klicken m\u00fcssen. Wenn Sie zugestimmt haben, dass Google Ihren Web- und App-Browserverlauf mit Ihrem Google-Konto verkn\u00fcpft und Informationen aus Ihrem Google-Konto verwendet, um Ihre Anzeigen zu personalisieren, verwendet Google Ihre Daten zusammen mit Google Analytics-Daten, um Zielgruppenlisten f\u00fcr ger\u00e4te\u00fcbergreifendes Remarketing bereitzustellen. Zu diesem Zweck verfolgt Google Analytics zun\u00e4chst Ihre mit Ihrem Google-Konto verkn\u00fcpfte, von Google authentifizierte ID (d. h. personenbezogene Daten) auf unserer Website. Anschlie\u00dfend verkn\u00fcpft Google Analytics Ihre ID vor\u00fcbergehend mit Ihren Google Analytics-Daten, um unsere Zielgruppen zu optimieren.                  <br><br>Wenn Sie nicht zustimmen, k\u00f6nnen Sie dies \u00fcber die entsprechenden Einstellungen im Bereich \u201eMein Konto\u201c Ihres Google-Kontos deaktivieren.<\/p>\n\n\n\n<p><br><strong>GOOGLE DOPPELKLICK<\/strong><br><br>Doubleclick by Google is a service provided by Google Ireland Limited, Gordon House, Barrow Street, Dublin 4, Ireland (\u201cGoogle\u201d). DoubleClick by Google uses cookies to show you advertisements that are relevant to you. Your browser will be assigned a pseudonymous identification number (ID) to check which ads have appeared in your browser and which ads have been viewed. The cookies do not contain any personal information. Using the DoubleClick cookie permits Google and its affiliated websites only to provide ads based on previous visits to our or other websites on the Internet. The information generated by the cookies is transmitted by Google to a server in the USA for evaluation purposes and is stored there. Google complies with the Privacy Policy of the Privacy Shield Agreement and is registered with the US Department of Commerce \u201cPrivacy Shield Program\u201d. Transfer of the data by Google to third parties takes place only due to legal regulations or in the context of order data processing. In no case will Google match your data with other data collected by Google. By using our web pages, you agree to the processing of the data collected about you by Google and the manner of data processing described above, as well as the specified purpose. You may refuse the use of cookies by selecting the appropriate settings on your browser. However, please note that if you do this, you may not be able to use the full functionality of our websites. Furthermore, you can prevent acquisition of the data produced by the cookies regarding your use of the websites to Google and processing of this data by Google by downloading and installing the browser plug-in available under the following link under item DoubleClick Deactivation Plug-In. Alternatively, you can disable the DoubleClick cookies via this opt-out.             <br><br><\/p>\n\n\n\n<p><strong>SECURITY<\/strong><\/p>\n\n\n\n<p>Wir haben technische und organisatorische Sicherheitsma\u00dfnahmen getroffen, um Ihre personenbezogenen Daten vor Verlust, Zerst\u00f6rung, Manipulation und unberechtigtem Zugriff zu sch\u00fctzen. Alle unsere Mitarbeiter sowie die f\u00fcr uns t\u00e4tigen Dienstleister sind verpflichtet, die geltenden Datenschutzgesetze einzuhalten. Wenn wir personenbezogene Daten erheben und verarbeiten, werden diese vor der \u00dcbertragung verschl\u00fcsselt. So k\u00f6nnen Ihre Daten nicht von Dritten missbraucht werden. Unsere Sicherheitsvorkehrungen unterliegen einem st\u00e4ndigen Verbesserungsprozess und unsere Datenschutzerkl\u00e4rungen werden st\u00e4ndig \u00fcberarbeitet. Bitte stellen Sie sicher, dass Sie \u00fcber die aktuellste Version verf\u00fcgen.     <\/p>\n\n\n\n<p><br><strong>RECHTE DER BETROFFENEN PERSONEN<\/strong><br><br>Sie haben jederzeit das Recht auf Auskunft, Berichtigung, L\u00f6schung oder Einschr\u00e4nkung der Verarbeitung Ihrer gespeicherten Daten, ein Widerspruchsrecht gegen die Verarbeitung sowie ein Recht auf Daten\u00fcbertragbarkeit und ein Beschwerderecht vorbehaltlich der datenschutzrechtlichen Bestimmungen.<br><br><strong>Recht auf Information:<\/strong><br>Sie k\u00f6nnen bei uns Auskunft dar\u00fcber verlangen, ob und in welchem Umfang wir Ihre Daten verarbeiten.<br><br><strong>Recht auf Richtigstellung:<\/strong><br>Wenn wir Ihre Daten verarbeiten, die unvollst\u00e4ndig oder unrichtig sind, k\u00f6nnen Sie jederzeit verlangen, dass wir diese korrigieren oder vervollst\u00e4ndigen.<br><br><strong>Recht auf L\u00f6schung:<\/strong><br>Sie k\u00f6nnen verlangen, dass wir Ihre Daten l\u00f6schen, wenn wir sie unrechtm\u00e4\u00dfig verarbeiten oder wenn die Verarbeitung unverh\u00e4ltnism\u00e4\u00dfig in Ihre berechtigten Schutzinteressen eingreift. Bitte beachten Sie, dass es Gr\u00fcnde geben kann, die einer sofortigen L\u00f6schung entgegenstehen, z. B. gesetzlich geregelte Aufbewahrungspflichten. Unabh\u00e4ngig von der Aus\u00fcbung Ihres Rechts auf L\u00f6schung werden wir Ihre Daten unverz\u00fcglich und vollst\u00e4ndig l\u00f6schen, sofern keine gesetzliche oder beh\u00f6rdliche Verpflichtung zur Aufbewahrung der Daten besteht.<br><br><strong>Recht auf Einschr\u00e4nkung der Datenverarbeitung:<\/strong><br>Sie k\u00f6nnen von uns verlangen, die Verarbeitung Ihrer Daten einzuschr\u00e4nken, wenn<br>\u2022 Sie die Richtigkeit der Daten anzweifeln, und zwar f\u00fcr einen Zeitraum, der es uns erm\u00f6glicht, die Richtigkeit der Daten zu \u00fcberpr\u00fcfen;<br>\u2022 die Verarbeitung der Daten unrechtm\u00e4\u00dfig ist, Sie jedoch deren L\u00f6schung ablehnen und stattdessen eine Einschr\u00e4nkung der Nutzung der Daten verlangen;<br>\u2022 wir die Daten f\u00fcr den vorgesehenen Zweck nicht mehr ben\u00f6tigen, Sie diese Daten jedoch weiterhin zur Geltendmachung oder Verteidigung von Rechtsanspr\u00fcchen ben\u00f6tigen; oder<br>\u2022 Sie der Verarbeitung der Daten widersprochen haben.<\/p>\n\n\n\n<p><strong>Recht auf Daten\u00fcbertragbarkeit:<\/strong><br>Sie k\u00f6nnen verlangen, dass wir Ihnen die Daten, die Sie uns zur Verf\u00fcgung gestellt haben, in einem strukturierten, g\u00e4ngigen und maschinenlesbaren Format zur Verf\u00fcgung stellen und dass Sie diese Daten ohne unsere Einmischung einer anderen verantwortlichen Person zur Verf\u00fcgung stellen k\u00f6nnen, vorausgesetzt, dass<br>\u2022 wir diese Daten auf der Grundlage einer von Ihnen erteilten und widerrufbaren Einwilligung oder zur Erf\u00fcllung eines Vertrags zwischen uns verarbeiten; und<br>\u2022 diese Verarbeitung mithilfe automatisierter Verfahren erfolgt.<br>Soweit technisch m\u00f6glich, k\u00f6nnen Sie von uns verlangen, dass wir Ihre Daten direkt an einen anderen Verantwortlichen \u00fcbermitteln.<\/p>\n\n\n\n<p><strong>Widerspruchsrecht:<\/strong><br>Wenn wir Ihre Daten zur Wahrung berechtigter Interessen verarbeiten, k\u00f6nnen Sie dieser Verarbeitung jederzeit widersprechen; dies gilt auch f\u00fcr ein auf diese Bestimmungen gest\u00fctztes Profiling. Wir werden Ihre Daten dann nicht mehr verarbeiten, es sei denn, wir k\u00f6nnen zwingende schutzw\u00fcrdige Gr\u00fcnde f\u00fcr die Verarbeitung nachweisen, die Ihre Interessen, Rechte und Freiheiten \u00fcberwiegen, oder die Verarbeitung dient der Geltendmachung, Aus\u00fcbung oder Verteidigung von Rechtsanspr\u00fcchen. Der Verarbeitung Ihrer Daten zum Zwecke des Direktmarketings k\u00f6nnen Sie jederzeit ohne Angabe von Gr\u00fcnden widersprechen.  <\/p>\n\n\n\n<p><strong>Recht auf Rechtsbehelf:<\/strong><br>Wenn Sie der Meinung sind, dass wir bei der Verarbeitung Ihrer Daten gegen deutsches oder europ\u00e4isches Datenschutzrecht versto\u00dfen, bitten wir Sie, sich mit uns in Verbindung zu setzen, um etwaige Fragen zu kl\u00e4ren. Selbstverst\u00e4ndlich haben Sie auch das Recht, sich an die f\u00fcr Sie zust\u00e4ndige Aufsichtsbeh\u00f6rde, d. h. die jeweilige Datenschutzbeh\u00f6rde des betreffenden Bundeslandes, zu wenden. Wenn Sie eines der oben genannten Rechte gegen\u00fcber uns geltend machen m\u00f6chten, wenden Sie sich bitte an unseren Datenschutzbeauftragten. Im Zweifelsfall k\u00f6nnen wir zus\u00e4tzliche Informationen anfordern, um Ihre Identit\u00e4t zu best\u00e4tigen.     <\/p>\n\n\n\n<p><br><strong>\u00c4NDERUNGEN DIESER DATENSCHUTZERKL\u00c4RUNG<\/strong><br><br>Wir behalten uns das Recht vor, unsere Datenschutzerkl\u00e4rungen zu \u00e4ndern, falls dies aufgrund neuer Technologien erforderlich sein sollte. Bitte stellen Sie sicher, dass Sie \u00fcber die aktuellste Version verf\u00fcgen. Sollten grundlegende \u00c4nderungen an dieser Datenschutzerkl\u00e4rung vorgenommen werden, werden wir diese auf unserer Website ver\u00f6ffentlichen.  <br><br>Alle Interessenten und Besucher unserer Website k\u00f6nnen uns zu Fragen des Datenschutzes unter folgender Adresse erreichen:<br><br>Dipl.-Ing. Robert Geiger<br>AKTORmed GmbH<br>Neugablonzer Strasse 13<br>93073 NEUTRAUBLING<br>Deutschland<\/p>\n\n\n\n<p>Telefon: +49 9401 9320-110<br>E-mail: info@aktormed.com<br><br>Wenn unser Datenschutzbeauftragter Ihre Anfrage nicht zufriedenstellend beantworten kann, haben Sie in jedem Fall das Recht, sich bei der f\u00fcr Ihr Bundesland zust\u00e4ndigen Datenschutzaufsichtsbeh\u00f6rde zu beschweren.<\/p>\n\n\n\n<p>(11\/2025)<\/p>\n","protected":false},"excerpt":{"rendered":"<p>Datenschutzerkl\u00e4rung der AKTORmed GmbH WIR NEHMEN DATENSCHUTZ ERNST. Der Schutz Ihrer Privatsph\u00e4re bei der Verarbeitung personenbezogener Daten ist uns wichtig. Wenn Sie unsere Website besuchen, speichern unsere Webserver standardm\u00e4\u00dfig die IP-Adresse Ihres Internetproviders, die Website, von der aus Sie uns besuchen, welche unserer Websites Sie besuchen sowie das Datum und die Dauer des Besuchs. Diese <a href=\"https:\/\/aktormed.com\/de\/datenschutz\/\" class=\"more-link\">&#8230;<span class=\"screen-reader-text\">  DATENSCHUTZ<\/span><\/a><\/p>\n","protected":false},"author":1,"featured_media":0,"parent":0,"menu_order":700,"comment_status":"closed","ping_status":"closed","template":"","meta":{"_acf_changed":false,"inline_featured_image":false,"footnotes":""},"class_list":["post-3703","page","type-page","status-publish","hentry"],"acf":[],"_links":{"self":[{"href":"https:\/\/aktormed.com\/de\/wp-json\/wp\/v2\/pages\/3703","targetHints":{"allow":["GET"]}}],"collection":[{"href":"https:\/\/aktormed.com\/de\/wp-json\/wp\/v2\/pages"}],"about":[{"href":"https:\/\/aktormed.com\/de\/wp-json\/wp\/v2\/types\/page"}],"author":[{"embeddable":true,"href":"https:\/\/aktormed.com\/de\/wp-json\/wp\/v2\/users\/1"}],"replies":[{"embeddable":true,"href":"https:\/\/aktormed.com\/de\/wp-json\/wp\/v2\/comments?post=3703"}],"version-history":[{"count":2,"href":"https:\/\/aktormed.com\/de\/wp-json\/wp\/v2\/pages\/3703\/revisions"}],"predecessor-version":[{"id":4281,"href":"https:\/\/aktormed.com\/de\/wp-json\/wp\/v2\/pages\/3703\/revisions\/4281"}],"wp:attachment":[{"href":"https:\/\/aktormed.com\/de\/wp-json\/wp\/v2\/media?parent=3703"}],"curies":[{"name":"wp","href":"https:\/\/api.w.org\/{rel}","templated":true}]}}