{"id":3705,"date":"2024-08-01T10:34:40","date_gmt":"2024-08-01T08:34:40","guid":{"rendered":"https:\/\/aktormed.com\/?page_id=3705"},"modified":"2026-02-04T13:15:12","modified_gmt":"2026-02-04T12:15:12","slug":"aktormed","status":"publish","type":"page","link":"https:\/\/aktormed.com\/de\/","title":{"rendered":"AKTORmed"},"content":{"rendered":"\n<p><\/p>\n\n\n\n<h1 class=\"wp-block-heading\">ROBOTISCHE ASSISTENZSYSTEME F\u00dcR OPTIMIERTE LAPAROSKOPISCHE EINGRIFFE<\/h1>\n\n\n\n<p>Erleben Sie Pr\u00e4zision und Flexibilit\u00e4t bei der robotischen Endoskopf\u00fchrung.<\/p>\n\n\n\n<p class=\"has-large-font-size\"><\/p>\n","protected":false},"excerpt":{"rendered":"<p>ROBOTISCHE ASSISTENZSYSTEME F\u00dcR OPTIMIERTE LAPAROSKOPISCHE EINGRIFFE Erleben Sie Pr\u00e4zision und Flexibilit\u00e4t bei der robotischen Endoskopf\u00fchrung.<\/p>\n","protected":false},"author":1,"featured_media":3729,"parent":0,"menu_order":0,"comment_status":"closed","ping_status":"closed","template":"","meta":{"_acf_changed":false,"inline_featured_image":false,"footnotes":""},"class_list":["post-3705","page","type-page","status-publish","has-post-thumbnail","hentry"],"acf":[],"_links":{"self":[{"href":"https:\/\/aktormed.com\/de\/wp-json\/wp\/v2\/pages\/3705","targetHints":{"allow":["GET"]}}],"collection":[{"href":"https:\/\/aktormed.com\/de\/wp-json\/wp\/v2\/pages"}],"about":[{"href":"https:\/\/aktormed.com\/de\/wp-json\/wp\/v2\/types\/page"}],"author":[{"embeddable":true,"href":"https:\/\/aktormed.com\/de\/wp-json\/wp\/v2\/users\/1"}],"replies":[{"embeddable":true,"href":"https:\/\/aktormed.com\/de\/wp-json\/wp\/v2\/comments?post=3705"}],"version-history":[{"count":7,"href":"https:\/\/aktormed.com\/de\/wp-json\/wp\/v2\/pages\/3705\/revisions"}],"predecessor-version":[{"id":4268,"href":"https:\/\/aktormed.com\/de\/wp-json\/wp\/v2\/pages\/3705\/revisions\/4268"}],"wp:featuredmedia":[{"embeddable":true,"href":"https:\/\/aktormed.com\/de\/wp-json\/wp\/v2\/media\/3729"}],"wp:attachment":[{"href":"https:\/\/aktormed.com\/de\/wp-json\/wp\/v2\/media?parent=3705"}],"curies":[{"name":"wp","href":"https:\/\/api.w.org\/{rel}","templated":true}]}}