{"id":3918,"date":"2024-08-01T16:57:57","date_gmt":"2024-08-01T14:57:57","guid":{"rendered":"https:\/\/aktormed.com\/?page_id=3918"},"modified":"2026-02-05T14:09:07","modified_gmt":"2026-02-05T13:09:07","slug":"impressum","status":"publish","type":"page","link":"https:\/\/aktormed.com\/de\/impressum\/","title":{"rendered":"IMPRESSUM"},"content":{"rendered":"\n<h1 class=\"wp-block-heading\">Impressum<\/h1>\n\n\n\n<p><\/p>\n\n\n\n<p>AKTORmed GmbH<br>Neugablonzer Stra\u00dfe 13<br>93073 NEUTRAUBLING<br>Deutschland<br><\/p>\n\n\n\n<h2 class=\"wp-block-heading\">Vertreten durch:<\/h2>\n\n\n\n<p>Dipl.-Ing. Robert Geiger<\/p>\n\n\n\n<h2 class=\"wp-block-heading\">Kontakt:<\/h2>\n\n\n\n<p>Tel +49 9401 9320-110<br>Email <a href=\"mailto:info@aktormed.com\">info@aktormed.com<\/a><\/p>\n\n\n\n<h2 class=\"wp-block-heading\">Registereintragung:<\/h2>\n\n\n\n<p>Eintrag im Handelsregister<br>Registergericht: Amtsgericht Regensburg<br>Registernummer: HRB 9796 Regensburg<br>Sitz: 93073 Neutraubling, Deutschland<\/p>\n\n\n\n<h2 class=\"wp-block-heading\">USt-IdNr.:<\/h2>\n\n\n\n<p>Umsatzsteuer-Identifikationsnummer gem\u00e4\u00df \u00a7 27a Umsatzsteuergesetz: DE243648827<\/p>\n\n\n\n<h2 class=\"wp-block-heading\">WEEE-Reg.-Nr.:<\/h2>\n\n\n\n<p>DE 32235205<\/p>\n\n\n\n<h2 class=\"wp-block-heading\">Bild- und Grafiknachweise:<\/h2>\n\n\n\n<p>AdobeStock 157419178 &#8211; Group of surgeons in operating room at hospital \u00a9Syda Productions<br>AdobeStock 27622545 &#8211; Op Saal mit Team \u00a9jenshagen<br>AdobeStock 33343052 &#8211; Chirurg im OP \u00a9Stephan Morrosch<br>AdobeStock 33343273 &#8211; Chirurg im OP \u00a9Stephan Morrosch<br>AdobeStock 41750013 &#8211; Enjoying pure freedom | Man on a jetty \u00a9XtravaganT<br>AdobeStock 43099654 &#8211; Mature doctor standing upright while waiting for his team \u00a9WavebreakmediaMicro<br>AdobeStock 79969378 &#8211; Sprache &#8211; Schall \u00a9peterschreiber.media<br>AdobeStock 89085498 &#8211; Businessperson Calculating Invoice In Office \u00a9Andrey Popov<br>123RF #83884077 &#8211; Abstrakter Netzwerkhintergrund mit Punkten und Linien von hendraxu<\/p>\n\n\n\n<h2 class=\"wp-block-heading\">Rechtlicher Hinweis:<\/h2>\n\n\n\n<h3 class=\"wp-block-heading\">Nutzung der Website, Produkthaftung<\/h3>\n\n\n\n<p>Die Informationen auf dieser Website sind unverbindlich und dienen ausschlie\u00dflich zu Informationszwecken. Sie dient ausschlie\u00dflich Informationszwecken und stellt kein Angebot im Sinne der einschl\u00e4gigen gesetzlichen Bestimmungen dar. Weitere Informationen und Vertragsbedingungen erhalten Sie bei den zust\u00e4ndigen autorisierten H\u00e4ndlern. Auf Grundlage der auf der Website enthaltenen Informationen kann kein Vertrag \u00fcber die dargestellten Waren zustande kommen.<br><br>The information on the website and the products and services described in that information can be changed or updated by AKTORmed GmbH at any time and without prior notice. Sofern nicht ausdr\u00fccklich anders angegeben, enthalten die Websites der AKTORmed GmbH keine Garantien oder Beschaffenheitsangaben, f\u00fcr die die AKTORmed GmbH haftbar w\u00e4re \u2013 weder ausdr\u00fccklich noch stillschweigend \u2013 und auch keine Zusicherungen hinsichtlich Aktualit\u00e4t, Richtigkeit, Vollst\u00e4ndigkeit oder Qualit\u00e4t der bereitgestellten Informationen.<br><br>AKTORmed GmbH \u00fcbernimmt keinerlei Haftung im Zusammenhang mit ihren Websites. Die Haftung f\u00fcr direkte oder indirekte Sch\u00e4den, Schadensersatzanspr\u00fcche sowie Folgesch\u00e4den jeglicher Art und aus jeglichem Rechtsgrund, die aus dem Zugriff auf oder der Nutzung der Websites entstehen \u2013 insbesondere im Zusammenhang mit Virusinfektionen der Nutzerumgebungen \u2013, ist ausgeschlossen<br><br>F\u00fcr die Begr\u00fcndung und Erf\u00fcllung von Verpflichtungen sowie f\u00fcr die Haftung der AKTORmed GmbH hinsichtlich AKTORmed-Produkten und -Dienstleistungen sind ausschlie\u00dflich die jeweiligen vertraglichen Vereinbarungen einschlie\u00dflich der Allgemeinen Gesch\u00e4ftsbedingungen der AKTORmed GmbH in ihren jeweils aktuellen Fassungen ma\u00dfgeblich.<\/p>\n\n\n\n<h3 class=\"wp-block-heading\">Links zu anderen Websites<\/h3>\n\n\n\n<p>Links zu Websites Dritter werden Ihnen als zus\u00e4tzlicher Service zur Verf\u00fcgung gestellt. Diese Websites sind vollkommen unabh\u00e4ngig und liegen au\u00dferhalb der Kontrolle von AKTORmed. AKTORmed GmbH haftet nicht f\u00fcr die Inhalte irgendeiner dieser Drittanbieter-Websites, die von der Website der AKTORmed GmbH aus aufgerufen werden, und \u00fcbernimmt keinerlei Verantwortung f\u00fcr deren Inhalte, Datenschutzbestimmungen oder Nutzung.<\/p>\n\n\n\n<h3 class=\"wp-block-heading\">Marken- und Urheberrecht<\/h3>\n\n\n\n<p>Die auf diesen Websites dargestellten Marken und Logos (\u201eMarken\u201c) sind Eigentum der AKTORmed GmbH. Keine der Informationen auf diesen Websites ist so auszulegen, dass dadurch Lizenzen oder Markenrechte einger\u00e4umt werden. Hierf\u00fcr ist die ausdr\u00fcckliche schriftliche Zustimmung der AKTORmed GmbH erforderlich. Die unbefugte Nutzung dieser Marken ist strikt untersagt. Die AKTORmed GmbH wird ihre geistigen Eigentumsrechte weltweit im Rahmen der geltenden gesetzlichen Bestimmungen durchsetzen.<\/p>\n\n\n\n<p>(11\/2025)<\/p>\n\n\n\n<p><\/p>\n","protected":false},"excerpt":{"rendered":"<p>Impressum AKTORmed GmbHNeugablonzer Stra\u00dfe 1393073 NEUTRAUBLINGDeutschland Vertreten durch: Dipl.-Ing. Robert Geiger Kontakt: Tel +49 9401 9320-110Email info@aktormed.com Registereintragung: Eintrag im HandelsregisterRegistergericht: Amtsgericht RegensburgRegisternummer: HRB 9796 RegensburgSitz: 93073 Neutraubling, Deutschland USt-IdNr.: Umsatzsteuer-Identifikationsnummer gem\u00e4\u00df \u00a7 27a Umsatzsteuergesetz: DE243648827 WEEE-Reg.-Nr.: DE 32235205 Bild- und Grafiknachweise: AdobeStock 157419178 &#8211; Group of surgeons in operating room at hospital \u00a9Syda ProductionsAdobeStock <a href=\"https:\/\/aktormed.com\/de\/impressum\/\" class=\"more-link\">&#8230;<span class=\"screen-reader-text\">  IMPRESSUM<\/span><\/a><\/p>\n","protected":false},"author":1,"featured_media":0,"parent":0,"menu_order":600,"comment_status":"closed","ping_status":"closed","template":"","meta":{"_acf_changed":false,"inline_featured_image":false,"footnotes":""},"class_list":["post-3918","page","type-page","status-publish","hentry"],"acf":[],"_links":{"self":[{"href":"https:\/\/aktormed.com\/de\/wp-json\/wp\/v2\/pages\/3918","targetHints":{"allow":["GET"]}}],"collection":[{"href":"https:\/\/aktormed.com\/de\/wp-json\/wp\/v2\/pages"}],"about":[{"href":"https:\/\/aktormed.com\/de\/wp-json\/wp\/v2\/types\/page"}],"author":[{"embeddable":true,"href":"https:\/\/aktormed.com\/de\/wp-json\/wp\/v2\/users\/1"}],"replies":[{"embeddable":true,"href":"https:\/\/aktormed.com\/de\/wp-json\/wp\/v2\/comments?post=3918"}],"version-history":[{"count":2,"href":"https:\/\/aktormed.com\/de\/wp-json\/wp\/v2\/pages\/3918\/revisions"}],"predecessor-version":[{"id":4280,"href":"https:\/\/aktormed.com\/de\/wp-json\/wp\/v2\/pages\/3918\/revisions\/4280"}],"wp:attachment":[{"href":"https:\/\/aktormed.com\/de\/wp-json\/wp\/v2\/media?parent=3918"}],"curies":[{"name":"wp","href":"https:\/\/api.w.org\/{rel}","templated":true}]}}