{"id":3997,"date":"2024-08-01T11:30:51","date_gmt":"2024-08-01T09:30:51","guid":{"rendered":"https:\/\/aktormed.com\/?page_id=3997"},"modified":"2026-03-04T09:38:42","modified_gmt":"2026-03-04T08:38:42","slug":"steuerungsoptionen","status":"publish","type":"page","link":"https:\/\/aktormed.com\/de\/produkte\/steuerungsoptionen\/","title":{"rendered":"STEUERUNGSOPTIONEN"},"content":{"rendered":"\n<h1 class=\"wp-block-heading\">Wo Flexibilit\u00e4t auf Pr\u00e4zision trifft.<\/h1>\n\n<p>W\u00e4hlen Sie Ihre bevorzugte Steuerungsoption f\u00fcr Ihr robotisches F\u00fchrungssystem.<\/p>\n\n<p class=\"has-large-font-size\"><\/p>\n","protected":false},"excerpt":{"rendered":"<p>Wo Flexibilit\u00e4t auf Pr\u00e4zision trifft. W\u00e4hlen Sie Ihre bevorzugte Steuerungsoption f\u00fcr Ihr robotisches F\u00fchrungssystem.<\/p>\n","protected":false},"author":1,"featured_media":3995,"parent":3677,"menu_order":50,"comment_status":"closed","ping_status":"closed","template":"entry-product.php","meta":{"_acf_changed":false,"inline_featured_image":false,"footnotes":""},"class_list":["post-3997","page","type-page","status-publish","has-post-thumbnail","hentry"],"acf":[],"_links":{"self":[{"href":"https:\/\/aktormed.com\/de\/wp-json\/wp\/v2\/pages\/3997","targetHints":{"allow":["GET"]}}],"collection":[{"href":"https:\/\/aktormed.com\/de\/wp-json\/wp\/v2\/pages"}],"about":[{"href":"https:\/\/aktormed.com\/de\/wp-json\/wp\/v2\/types\/page"}],"author":[{"embeddable":true,"href":"https:\/\/aktormed.com\/de\/wp-json\/wp\/v2\/users\/1"}],"replies":[{"embeddable":true,"href":"https:\/\/aktormed.com\/de\/wp-json\/wp\/v2\/comments?post=3997"}],"version-history":[{"count":8,"href":"https:\/\/aktormed.com\/de\/wp-json\/wp\/v2\/pages\/3997\/revisions"}],"predecessor-version":[{"id":4469,"href":"https:\/\/aktormed.com\/de\/wp-json\/wp\/v2\/pages\/3997\/revisions\/4469"}],"up":[{"embeddable":true,"href":"https:\/\/aktormed.com\/de\/wp-json\/wp\/v2\/pages\/3677"}],"wp:featuredmedia":[{"embeddable":true,"href":"https:\/\/aktormed.com\/de\/wp-json\/wp\/v2\/media\/3995"}],"wp:attachment":[{"href":"https:\/\/aktormed.com\/de\/wp-json\/wp\/v2\/media?parent=3997"}],"curies":[{"name":"wp","href":"https:\/\/api.w.org\/{rel}","templated":true}]}}